{"id":108,"date":"2025-08-13T15:32:04","date_gmt":"2025-08-13T15:32:04","guid":{"rendered":"https:\/\/ahm.ghost.uem.mz\/?page_id=108"},"modified":"2025-08-13T15:32:04","modified_gmt":"2025-08-13T15:32:04","slug":"organogaram","status":"publish","type":"page","link":"https:\/\/ahm.uem.mz\/?page_id=108","title":{"rendered":"Organogaram"},"content":{"rendered":"\t\t<div data-elementor-type=\"wp-page\" data-elementor-id=\"108\" class=\"elementor elementor-108\">\n\t\t\t\t<div class=\"elementor-element elementor-element-ddffcca e-flex e-con-boxed e-con e-parent\" data-id=\"ddffcca\" data-element_type=\"container\" data-e-type=\"container\">\n\t\t\t\t\t<div class=\"e-con-inner\">\n\t\t\t\t<div class=\"elementor-element elementor-element-ea9af01 elementor-widget elementor-widget-heading\" data-id=\"ea9af01\" data-element_type=\"widget\" data-e-type=\"widget\" data-widget_type=\"heading.default\">\n\t\t\t\t\t<h2 class=\"elementor-heading-title elementor-size-default\">Servi\u00e7os p\u00fablicos<\/h2>\t\t\t\t<\/div>\n\t\t\t\t<div class=\"elementor-element elementor-element-4441805 elementor-widget elementor-widget-text-editor\" data-id=\"4441805\" data-element_type=\"widget\" data-e-type=\"widget\" data-widget_type=\"text-editor.default\">\n\t\t\t\t\t\t\t\t\t<p>O Arquivo Hist\u00f3rico de Mo\u00e7ambique, uma institui\u00e7\u00e3o vocacionada na preserva\u00e7\u00e3o de documentos e Arquivos. Para al\u00e9m da consulta da vasta documenta\u00e7\u00e3o prim\u00e1ria e diversa, prestamos os seguintes servi\u00e7os:Investiga\u00e7\u00e3o hist\u00f3rica e arquiv\u00edstica;Avalia\u00e7\u00e3o e selec\u00e7\u00e3o de documentos; Forma\u00e7\u00e3o e assist\u00eancia t\u00e9cnica em arquivos e gest\u00e3o de documentos;Digitaliza\u00e7\u00e3o e microfilmagem;Atendimento ao P\u00fablico;Editora\u00e7\u00e3o e promo\u00e7\u00e3o de eventos t\u00e9cnico-cient\u00edficos;Reprografia e emiss\u00e3o de certid\u00f5es de nascimento, casamentos e \u00f3bitos.\u00a0 Estamos na Travessa de Variet\u00e1, n\u00ba 58, Maputo. Para a consulta de documenta\u00e7\u00e3o prim\u00e1ria, dispomos de instala\u00e7\u00f5es no Campus Universit\u00e1rio, designadamente o Departamento de Arquivos Permanentes e o Departamento do Arquivo Central da Universidade Eduardo Mondlane. Na avenida 25 de Setembro encontra \u2013 se o Departamento de Colec\u00e7\u00f5es Especiais. Na rua Timor Leste dispomos de um edif\u00edcio que serve para o dep\u00f3sito de documentos, bem como na avenida Filipe Samuel Magaia um outro edif\u00edcio vocacionado para a conserva\u00e7\u00e3o de documentos.<\/p><p>Para informa\u00e7\u00f5es adicionais contacte \u2013 nos pelo telefax.: 21323428, pelo endere\u00e7o electr\u00f3nico\u00a0<span id=\"cloakdc615b14872d97eac401408163f32cc7\"><a href=\"mailto:ahm@uem.mz\">ahm@uem.mz<\/a><\/span>, ou pelo website: www.ahm.uem.mz.<\/p>\t\t\t\t\t\t\t\t<\/div>\n\t\t\t\t\t<\/div>\n\t\t\t\t<\/div>\n\t\t\t\t<\/div>\n\t\t","protected":false},"excerpt":{"rendered":"<p>Servi\u00e7os p\u00fablicos O Arquivo Hist\u00f3rico de Mo\u00e7ambique, uma institui\u00e7\u00e3o vocacionada na preserva\u00e7\u00e3o de documentos e Arquivos. Para al\u00e9m da consulta [&hellip;]<\/p>\n","protected":false},"author":1,"featured_media":0,"parent":0,"menu_order":0,"comment_status":"closed","ping_status":"closed","template":"","meta":{"site-sidebar-layout":"no-sidebar","site-content-layout":"","ast-site-content-layout":"full-width-container","site-content-style":"default","site-sidebar-style":"default","ast-global-header-display":"","ast-banner-title-visibility":"","ast-main-header-display":"","ast-hfb-above-header-display":"","ast-hfb-below-header-display":"","ast-hfb-mobile-header-display":"","site-post-title":"","ast-breadcrumbs-content":"","ast-featured-img":"disabled","footer-sml-layout":"","ast-disable-related-posts":"","theme-transparent-header-meta":"","adv-header-id-meta":"","stick-header-meta":"","header-above-stick-meta":"","header-main-stick-meta":"","header-below-stick-meta":"","astra-migrate-meta-layouts":"default","ast-page-background-enabled":"default","ast-page-background-meta":{"desktop":{"background-color":"var(--ast-global-color-5)","background-image":"","background-repeat":"repeat","background-position":"center center","background-size":"auto","background-attachment":"scroll","background-type":"","background-media":"","overlay-type":"","overlay-color":"","overlay-opacity":"","overlay-gradient":""},"tablet":{"background-color":"","background-image":"","background-repeat":"repeat","background-position":"center center","background-size":"auto","background-attachment":"scroll","background-type":"","background-media":"","overlay-type":"","overlay-color":"","overlay-opacity":"","overlay-gradient":""},"mobile":{"background-color":"","background-image":"","background-repeat":"repeat","background-position":"center center","background-size":"auto","background-attachment":"scroll","background-type":"","background-media":"","overlay-type":"","overlay-color":"","overlay-opacity":"","overlay-gradient":""}},"ast-content-background-meta":{"desktop":{"background-color":"var(--ast-global-color-4)","background-image":"","background-repeat":"repeat","background-position":"center center","background-size":"auto","background-attachment":"scroll","background-type":"","background-media":"","overlay-type":"","overlay-color":"","overlay-opacity":"","overlay-gradient":""},"tablet":{"background-color":"var(--ast-global-color-4)","background-image":"","background-repeat":"repeat","background-position":"center center","background-size":"auto","background-attachment":"scroll","background-type":"","background-media":"","overlay-type":"","overlay-color":"","overlay-opacity":"","overlay-gradient":""},"mobile":{"background-color":"var(--ast-global-color-4)","background-image":"","background-repeat":"repeat","background-position":"center center","background-size":"auto","background-attachment":"scroll","background-type":"","background-media":"","overlay-type":"","overlay-color":"","overlay-opacity":"","overlay-gradient":""}},"footnotes":""},"class_list":["post-108","page","type-page","status-publish","hentry"],"_links":{"self":[{"href":"https:\/\/ahm.uem.mz\/index.php?rest_route=\/wp\/v2\/pages\/108","targetHints":{"allow":["GET"]}}],"collection":[{"href":"https:\/\/ahm.uem.mz\/index.php?rest_route=\/wp\/v2\/pages"}],"about":[{"href":"https:\/\/ahm.uem.mz\/index.php?rest_route=\/wp\/v2\/types\/page"}],"author":[{"embeddable":true,"href":"https:\/\/ahm.uem.mz\/index.php?rest_route=\/wp\/v2\/users\/1"}],"replies":[{"embeddable":true,"href":"https:\/\/ahm.uem.mz\/index.php?rest_route=%2Fwp%2Fv2%2Fcomments&post=108"}],"version-history":[{"count":0,"href":"https:\/\/ahm.uem.mz\/index.php?rest_route=\/wp\/v2\/pages\/108\/revisions"}],"wp:attachment":[{"href":"https:\/\/ahm.uem.mz\/index.php?rest_route=%2Fwp%2Fv2%2Fmedia&parent=108"}],"curies":[{"name":"wp","href":"https:\/\/api.w.org\/{rel}","templated":true}]}}