{"id":119,"date":"2025-08-13T15:32:04","date_gmt":"2025-08-13T15:32:04","guid":{"rendered":"https:\/\/ahm.ghost.uem.mz\/?page_id=119"},"modified":"2025-08-13T15:32:04","modified_gmt":"2025-08-13T15:32:04","slug":"preservacao-e-restauro","status":"publish","type":"page","link":"https:\/\/ahm.uem.mz\/?page_id=119","title":{"rendered":"Preserva\u00e7\u00e3o e restauro"},"content":{"rendered":"\t\t<div data-elementor-type=\"wp-page\" data-elementor-id=\"119\" class=\"elementor elementor-119\">\n\t\t\t\t<div class=\"elementor-element elementor-element-86fff06 e-flex e-con-boxed e-con e-parent\" data-id=\"86fff06\" data-element_type=\"container\" data-e-type=\"container\">\n\t\t\t\t\t<div class=\"e-con-inner\">\n\t\t\t\t<div class=\"elementor-element elementor-element-14e786b elementor-widget elementor-widget-heading\" data-id=\"14e786b\" data-element_type=\"widget\" data-e-type=\"widget\" data-widget_type=\"heading.default\">\n\t\t\t\t\t<h1 class=\"elementor-heading-title elementor-size-default\">Preserva\u00e7\u00e3o e Restauro<\/h1>\t\t\t\t<\/div>\n\t\t\t\t<div class=\"elementor-element elementor-element-f007c4a elementor-widget elementor-widget-heading\" data-id=\"f007c4a\" data-element_type=\"widget\" data-e-type=\"widget\" data-widget_type=\"heading.default\">\n\t\t\t\t\t<h2 class=\"elementor-heading-title elementor-size-default\">CONSERVA\u00c7\u00c3O e RESTAURO<\/h2>\t\t\t\t<\/div>\n\t\t\t\t<div class=\"elementor-element elementor-element-c5cd24b elementor-widget-divider--view-line elementor-widget elementor-widget-divider\" data-id=\"c5cd24b\" data-element_type=\"widget\" data-e-type=\"widget\" data-widget_type=\"divider.default\">\n\t\t\t\t\t\t\t<div class=\"elementor-divider\">\n\t\t\t<span class=\"elementor-divider-separator\">\n\t\t\t\t\t\t<\/span>\n\t\t<\/div>\n\t\t\t\t\t\t<\/div>\n\t\t\t\t<div class=\"elementor-element elementor-element-bdfa5ad elementor-widget elementor-widget-heading\" data-id=\"bdfa5ad\" data-element_type=\"widget\" data-e-type=\"widget\" data-widget_type=\"heading.default\">\n\t\t\t\t\t<h3 class=\"elementor-heading-title elementor-size-default\">Principais Actividades<\/h3>\t\t\t\t<\/div>\n\t\t\t\t<div class=\"elementor-element elementor-element-5c1a2b6 elementor-widget elementor-widget-text-editor\" data-id=\"5c1a2b6\" data-element_type=\"widget\" data-e-type=\"widget\" data-widget_type=\"text-editor.default\">\n\t\t\t\t\t\t\t\t\t<p><strong>1.<\/strong><strong>Conserva\u00e7\u00e3o preventiva<\/strong><\/p><p>A conserva\u00e7\u00e3o preventiva, compreende as seguintes actividades:<\/p><ul><li>Diagn\u00f3stico do estado de conserva\u00e7\u00e3o do acervo documental;<\/li><li>Higieniza\u00e7\u00e3o e acondicionamento do acervo documental;<\/li><li>Higieniza\u00e7\u00e3o do depo\u00f3sito (espa\u00e7o f\u00edsico e mobili\u00e1rio);<\/li><li>Mudan\u00e7as de acondicionamentos danificados;<\/li><li>Vistorias Biol\u00f3gicas.<\/li><\/ul><p>\u00a0<\/p><p><strong>2. Conserva\u00e7\u00e3o curativa ou restaurativa<\/strong><\/p><p>A conserva\u00e7\u00e3o curativa ou restaurativa, compreende as seguintes actividades:<\/p><ul><li>Restaura\u00e7\u00e3o f\u00edsica e qu\u00edmica dos documentos atrav\u00e9s das seguintes actividades:<\/li><li>Realiza\u00e7\u00e3o de pequenos reparos do suporte em documentos textuais;<\/li><li>Desacidifica\u00e7\u00e3o do suporte em documentos textuais;<\/li><li>Enxerto do suporte em documentos textuais;<\/li><li>Obtura\u00e7\u00e3o manual do suporte em documentos textuais e;<\/li><li>Velatura do suporte em documentos textuais.<p>\u00a0<\/p><\/li><\/ul><p><strong>3. Presta\u00e7\u00e3o de Servi\u00e7os ao exterior<\/strong><\/p><ul><li>Higieniza\u00e7\u00e3o e acondicionamento de documentos atravez de m\u00e9todos modernos;<\/li><li>Restaura\u00e7\u00e3o de documentos degradados;<\/li><li>Capacita\u00e7\u00e3o T\u00e9cnica em Conserva\u00e7\u00e3o Preventiva de documentos;<\/li><li>Monitoramento ou controle dos factores ambientais nos locais de guarda e de trabalho.<\/li><\/ul>\t\t\t\t\t\t\t\t<\/div>\n\t\t\t\t\t<\/div>\n\t\t\t\t<\/div>\n\t\t\t\t<\/div>\n\t\t","protected":false},"excerpt":{"rendered":"<p>Preserva\u00e7\u00e3o e Restauro CONSERVA\u00c7\u00c3O e RESTAURO Principais Actividades 1.Conserva\u00e7\u00e3o preventiva A conserva\u00e7\u00e3o preventiva, compreende as seguintes actividades: Diagn\u00f3stico do estado [&hellip;]<\/p>\n","protected":false},"author":1,"featured_media":0,"parent":0,"menu_order":0,"comment_status":"closed","ping_status":"closed","template":"","meta":{"site-sidebar-layout":"no-sidebar","site-content-layout":"","ast-site-content-layout":"full-width-container","site-content-style":"default","site-sidebar-style":"default","ast-global-header-display":"","ast-banner-title-visibility":"","ast-main-header-display":"","ast-hfb-above-header-display":"","ast-hfb-below-header-display":"","ast-hfb-mobile-header-display":"","site-post-title":"","ast-breadcrumbs-content":"","ast-featured-img":"disabled","footer-sml-layout":"","ast-disable-related-posts":"","theme-transparent-header-meta":"","adv-header-id-meta":"","stick-header-meta":"","header-above-stick-meta":"","header-main-stick-meta":"","header-below-stick-meta":"","astra-migrate-meta-layouts":"default","ast-page-background-enabled":"default","ast-page-background-meta":{"desktop":{"background-color":"var(--ast-global-color-5)","background-image":"","background-repeat":"repeat","background-position":"center center","background-size":"auto","background-attachment":"scroll","background-type":"","background-media":"","overlay-type":"","overlay-color":"","overlay-opacity":"","overlay-gradient":""},"tablet":{"background-color":"","background-image":"","background-repeat":"repeat","background-position":"center center","background-size":"auto","background-attachment":"scroll","background-type":"","background-media":"","overlay-type":"","overlay-color":"","overlay-opacity":"","overlay-gradient":""},"mobile":{"background-color":"","background-image":"","background-repeat":"repeat","background-position":"center center","background-size":"auto","background-attachment":"scroll","background-type":"","background-media":"","overlay-type":"","overlay-color":"","overlay-opacity":"","overlay-gradient":""}},"ast-content-background-meta":{"desktop":{"background-color":"var(--ast-global-color-4)","background-image":"","background-repeat":"repeat","background-position":"center center","background-size":"auto","background-attachment":"scroll","background-type":"","background-media":"","overlay-type":"","overlay-color":"","overlay-opacity":"","overlay-gradient":""},"tablet":{"background-color":"var(--ast-global-color-4)","background-image":"","background-repeat":"repeat","background-position":"center center","background-size":"auto","background-attachment":"scroll","background-type":"","background-media":"","overlay-type":"","overlay-color":"","overlay-opacity":"","overlay-gradient":""},"mobile":{"background-color":"var(--ast-global-color-4)","background-image":"","background-repeat":"repeat","background-position":"center center","background-size":"auto","background-attachment":"scroll","background-type":"","background-media":"","overlay-type":"","overlay-color":"","overlay-opacity":"","overlay-gradient":""}},"footnotes":""},"class_list":["post-119","page","type-page","status-publish","hentry"],"_links":{"self":[{"href":"https:\/\/ahm.uem.mz\/index.php?rest_route=\/wp\/v2\/pages\/119","targetHints":{"allow":["GET"]}}],"collection":[{"href":"https:\/\/ahm.uem.mz\/index.php?rest_route=\/wp\/v2\/pages"}],"about":[{"href":"https:\/\/ahm.uem.mz\/index.php?rest_route=\/wp\/v2\/types\/page"}],"author":[{"embeddable":true,"href":"https:\/\/ahm.uem.mz\/index.php?rest_route=\/wp\/v2\/users\/1"}],"replies":[{"embeddable":true,"href":"https:\/\/ahm.uem.mz\/index.php?rest_route=%2Fwp%2Fv2%2Fcomments&post=119"}],"version-history":[{"count":0,"href":"https:\/\/ahm.uem.mz\/index.php?rest_route=\/wp\/v2\/pages\/119\/revisions"}],"wp:attachment":[{"href":"https:\/\/ahm.uem.mz\/index.php?rest_route=%2Fwp%2Fv2%2Fmedia&parent=119"}],"curies":[{"name":"wp","href":"https:\/\/api.w.org\/{rel}","templated":true}]}}