{"id":149,"date":"2025-08-13T15:33:29","date_gmt":"2025-08-13T15:33:29","guid":{"rendered":"https:\/\/ahm.ghost.uem.mz\/?page_id=149"},"modified":"2025-08-13T15:33:29","modified_gmt":"2025-08-13T15:33:29","slug":"noticias","status":"publish","type":"page","link":"https:\/\/ahm.uem.mz\/?page_id=149","title":{"rendered":"Not\u00edcias"},"content":{"rendered":"\t\t<div data-elementor-type=\"wp-page\" data-elementor-id=\"149\" class=\"elementor elementor-149\">\n\t\t\t\t<div class=\"elementor-element elementor-element-2027422 e-flex e-con-boxed e-con e-parent\" data-id=\"2027422\" data-element_type=\"container\" data-e-type=\"container\">\n\t\t\t\t\t<div class=\"e-con-inner\">\n\t\t\t\t<div class=\"elementor-element elementor-element-2291eb1 elementor-widget elementor-widget-heading\" data-id=\"2291eb1\" data-element_type=\"widget\" data-e-type=\"widget\" data-widget_type=\"heading.default\">\n\t\t\t\t\t<h2 class=\"elementor-heading-title elementor-size-default\">Not\u00edcias<\/h2>\t\t\t\t<\/div>\n\t\t\t\t\t<\/div>\n\t\t\t\t<\/div>\n\t\t<div class=\"elementor-element elementor-element-a478c48 e-flex e-con-boxed e-con e-parent\" data-id=\"a478c48\" data-element_type=\"container\" data-e-type=\"container\">\n\t\t\t\t\t<div class=\"e-con-inner\">\n\t\t\t\t<div class=\"elementor-element elementor-element-c61e657 elementor-widget-divider--view-line elementor-widget elementor-widget-divider\" data-id=\"c61e657\" data-element_type=\"widget\" data-e-type=\"widget\" data-widget_type=\"divider.default\">\n\t\t\t\t\t\t\t<div class=\"elementor-divider\">\n\t\t\t<span class=\"elementor-divider-separator\">\n\t\t\t\t\t\t<\/span>\n\t\t<\/div>\n\t\t\t\t\t\t<\/div>\n\t\t\t\t\t<\/div>\n\t\t\t\t<\/div>\n\t\t<div class=\"elementor-element elementor-element-5fc6ba1 e-flex e-con-boxed e-con e-parent\" data-id=\"5fc6ba1\" data-element_type=\"container\" data-e-type=\"container\">\n\t\t\t\t\t<div class=\"e-con-inner\">\n\t\t\t\t<div class=\"elementor-element elementor-element-a8d0aec elementor-widget elementor-widget-heading\" data-id=\"a8d0aec\" data-element_type=\"widget\" data-e-type=\"widget\" data-widget_type=\"heading.default\">\n\t\t\t\t\t<h2 class=\"elementor-heading-title elementor-size-default\">ESTUDANTES DO CIDOC VISITAM DEPARTAMENTO DE ARQUIVOS PERMANENTE<\/h2>\t\t\t\t<\/div>\n\t\t\t\t\t<\/div>\n\t\t\t\t<\/div>\n\t\t<div class=\"elementor-element elementor-element-3586148 e-flex e-con-boxed e-con e-parent\" data-id=\"3586148\" data-element_type=\"container\" data-e-type=\"container\">\n\t\t\t\t\t<div class=\"e-con-inner\">\n\t\t\t\t<div class=\"elementor-element elementor-element-8f9f760 elementor-widget-divider--view-line elementor-widget elementor-widget-divider\" data-id=\"8f9f760\" data-element_type=\"widget\" data-e-type=\"widget\" data-widget_type=\"divider.default\">\n\t\t\t\t\t\t\t<div class=\"elementor-divider\">\n\t\t\t<span class=\"elementor-divider-separator\">\n\t\t\t\t\t\t<\/span>\n\t\t<\/div>\n\t\t\t\t\t\t<\/div>\n\t\t\t\t\t<\/div>\n\t\t\t\t<\/div>\n\t\t<div class=\"elementor-element elementor-element-912e5c5 e-flex e-con-boxed e-con e-parent\" data-id=\"912e5c5\" data-element_type=\"container\" data-e-type=\"container\">\n\t\t\t\t\t<div class=\"e-con-inner\">\n\t\t<div class=\"elementor-element elementor-element-b4b8855 e-con-full e-flex e-con e-child\" data-id=\"b4b8855\" data-element_type=\"container\" data-e-type=\"container\">\n\t\t\t\t<div class=\"elementor-element elementor-element-c51f095 elementor-widget elementor-widget-image\" data-id=\"c51f095\" data-element_type=\"widget\" data-e-type=\"widget\" data-widget_type=\"image.default\">\n\t\t\t\t\t\t\t\t\t\t\t\t\t\t\t<img fetchpriority=\"high\" decoding=\"async\" width=\"1024\" height=\"576\" src=\"https:\/\/ahm.uem.mz\/wp-content\/uploads\/2025\/08\/estudantes-scaled-1-1024x576.jpg\" class=\"attachment-large size-large wp-image-419\" alt=\"\" srcset=\"https:\/\/ahm.uem.mz\/wp-content\/uploads\/2025\/08\/estudantes-scaled-1-1024x576.jpg 1024w, https:\/\/ahm.uem.mz\/wp-content\/uploads\/2025\/08\/estudantes-scaled-1-300x169.jpg 300w, https:\/\/ahm.uem.mz\/wp-content\/uploads\/2025\/08\/estudantes-scaled-1-768x432.jpg 768w, https:\/\/ahm.uem.mz\/wp-content\/uploads\/2025\/08\/estudantes-scaled-1-1536x864.jpg 1536w, https:\/\/ahm.uem.mz\/wp-content\/uploads\/2025\/08\/estudantes-scaled-1-2048x1152.jpg 2048w\" sizes=\"(max-width: 1024px) 100vw, 1024px\" \/>\t\t\t\t\t\t\t\t\t\t\t\t\t\t\t<\/div>\n\t\t\t\t<\/div>\n\t\t<div class=\"elementor-element elementor-element-c01d61c e-con-full e-flex e-con e-child\" data-id=\"c01d61c\" data-element_type=\"container\" data-e-type=\"container\">\n\t\t\t\t<div class=\"elementor-element elementor-element-d1e8429 elementor-widget elementor-widget-text-editor\" data-id=\"d1e8429\" data-element_type=\"widget\" data-e-type=\"widget\" data-widget_type=\"text-editor.default\">\n\t\t\t\t\t\t\t\t\t<p>Uma turma composta por 9 estudantes do primeiro ano de curso de Documenta\u00e7\u00e3o do Instituto M\u00e9dio de Ci\u00eancias Documentais \u2013 CIDOC, visitou o Departamento dos Arquivos Permanentes (DAP) no dia 29 de Setembro.<br \/>A visita enquadrada na disciplina de Fundamentos da Arquiv\u00edstica tinha como objectivo conhecer as diversas actividades desenvolvidas neste departamento no \u00e2mbito da gest\u00e3o de documentos de valor permanente ou hist\u00f3rico e dotar os estudantes de conhecimentos de como fazer pesquisa de fontes prim\u00e1rias.<\/p>\t\t\t\t\t\t\t\t<\/div>\n\t\t\t\t<div class=\"elementor-element elementor-element-c6943a9 elementor-widget elementor-widget-button\" data-id=\"c6943a9\" data-element_type=\"widget\" data-e-type=\"widget\" data-widget_type=\"button.default\">\n\t\t\t\t\t\t\t\t\t\t<a class=\"elementor-button elementor-button-link elementor-size-sm\" href=\"https:\/\/ahm.ghost.uem.mz\/estudantes-do-cidoc-visitam-departamento-de-arquivos-permanente\/\">\n\t\t\t\t\t\t<span class=\"elementor-button-content-wrapper\">\n\t\t\t\t\t\t\t\t\t<span class=\"elementor-button-text\">Continuar<\/span>\n\t\t\t\t\t<\/span>\n\t\t\t\t\t<\/a>\n\t\t\t\t\t\t\t\t<\/div>\n\t\t\t\t<\/div>\n\t\t\t\t\t<\/div>\n\t\t\t\t<\/div>\n\t\t<div class=\"elementor-element elementor-element-4247acb e-flex e-con-boxed e-con e-parent\" data-id=\"4247acb\" data-element_type=\"container\" data-e-type=\"container\">\n\t\t\t\t\t<div class=\"e-con-inner\">\n\t\t\t\t<div class=\"elementor-element elementor-element-c923db1 elementor-widget elementor-widget-heading\" data-id=\"c923db1\" data-element_type=\"widget\" data-e-type=\"widget\" data-widget_type=\"heading.default\">\n\t\t\t\t\t<h2 class=\"elementor-heading-title elementor-size-default\">SEMIN\u00c1RIO \u201cARQUIVOS, HIST\u00d3RIA E MEM\u00d3RIA\u201d<\/h2>\t\t\t\t<\/div>\n\t\t\t\t\t<\/div>\n\t\t\t\t<\/div>\n\t\t<div class=\"elementor-element elementor-element-5e2c09a e-flex e-con-boxed e-con e-parent\" data-id=\"5e2c09a\" data-element_type=\"container\" data-e-type=\"container\">\n\t\t\t\t\t<div class=\"e-con-inner\">\n\t\t\t\t<div class=\"elementor-element elementor-element-be5bd74 elementor-widget-divider--view-line elementor-widget elementor-widget-divider\" data-id=\"be5bd74\" data-element_type=\"widget\" data-e-type=\"widget\" data-widget_type=\"divider.default\">\n\t\t\t\t\t\t\t<div class=\"elementor-divider\">\n\t\t\t<span class=\"elementor-divider-separator\">\n\t\t\t\t\t\t<\/span>\n\t\t<\/div>\n\t\t\t\t\t\t<\/div>\n\t\t\t\t\t<\/div>\n\t\t\t\t<\/div>\n\t\t<div class=\"elementor-element elementor-element-ce37b66 e-flex e-con-boxed e-con e-parent\" data-id=\"ce37b66\" data-element_type=\"container\" data-e-type=\"container\">\n\t\t\t\t\t<div class=\"e-con-inner\">\n\t\t<div class=\"elementor-element elementor-element-d486294 e-con-full e-flex e-con e-child\" data-id=\"d486294\" data-element_type=\"container\" data-e-type=\"container\">\n\t\t\t\t<div class=\"elementor-element elementor-element-838d1c9 elementor-widget elementor-widget-image\" data-id=\"838d1c9\" data-element_type=\"widget\" data-e-type=\"widget\" data-widget_type=\"image.default\">\n\t\t\t\t\t\t\t\t\t\t\t\t\t\t\t<img decoding=\"async\" width=\"1024\" height=\"683\" src=\"https:\/\/ahm.uem.mz\/wp-content\/uploads\/2025\/08\/IMG_8632-scaled-1-1024x683.jpg\" class=\"attachment-large size-large wp-image-442\" alt=\"\" srcset=\"https:\/\/ahm.uem.mz\/wp-content\/uploads\/2025\/08\/IMG_8632-scaled-1-1024x683.jpg 1024w, https:\/\/ahm.uem.mz\/wp-content\/uploads\/2025\/08\/IMG_8632-scaled-1-300x200.jpg 300w, https:\/\/ahm.uem.mz\/wp-content\/uploads\/2025\/08\/IMG_8632-scaled-1-768x512.jpg 768w, https:\/\/ahm.uem.mz\/wp-content\/uploads\/2025\/08\/IMG_8632-scaled-1-1536x1024.jpg 1536w, https:\/\/ahm.uem.mz\/wp-content\/uploads\/2025\/08\/IMG_8632-scaled-1-2048x1366.jpg 2048w\" sizes=\"(max-width: 1024px) 100vw, 1024px\" \/>\t\t\t\t\t\t\t\t\t\t\t\t\t\t\t<\/div>\n\t\t\t\t<\/div>\n\t\t<div class=\"elementor-element elementor-element-c0c4c1b e-con-full e-flex e-con e-child\" data-id=\"c0c4c1b\" data-element_type=\"container\" data-e-type=\"container\">\n\t\t\t\t<div class=\"elementor-element elementor-element-9d59092 elementor-widget elementor-widget-text-editor\" data-id=\"9d59092\" data-element_type=\"widget\" data-e-type=\"widget\" data-widget_type=\"text-editor.default\">\n\t\t\t\t\t\t\t\t\t<p>No \u00e2mbito dos trabalhos de Pesquisa e Extens\u00e3o, o Arquivo Hist\u00f3rico de Mo\u00e7ambique organiza periodicamente um Semin\u00e1rio sob o Lema &#8220;ARQUIVOS, HIST\u00d3RIA E MEM\u00d3RIA&#8221;. O objectivo deste Semin\u00e1rio \u00e9 apresentar \u00e0 comunidade acad\u00e9mica e outros interessados os resultados da pesquisa sobre estas tem\u00e1ticas, desenvolvidas por investigadores, estudantes de Licenciatura, Mestrado e Doutoramento nas diversas institui\u00e7\u00f5es de ensino. \u00a0<br \/>Neste \u00e2mbito o AHM realizou mais uma edi\u00e7\u00e3o que teve lugar no dia 22 de Setembro de 2017, no Complexo Pedag\u00f3gico da Universidade Eduardo Mondlane &#8211; Anfiteatro n\u00ba 2501 das 08:30h \u00e0s 13:00h. Nesta edi\u00e7\u00e3o foram apresentados os resultados das pesquisas; de um Investigador da CROME, de dois estudantes de Mestrado em Hist\u00f3ria de Mo\u00e7ambique e \u00c1frica Austral da Universidade Eduardo Mondlane e tr\u00eas estudantes de Doutoramento em Hist\u00f3ria de \u00c1frica Contempor\u00e2nea da Universidade Pedag\u00f3gica.<\/p>\t\t\t\t\t\t\t\t<\/div>\n\t\t\t\t<div class=\"elementor-element elementor-element-8edc8fa elementor-widget elementor-widget-button\" data-id=\"8edc8fa\" data-element_type=\"widget\" data-e-type=\"widget\" data-widget_type=\"button.default\">\n\t\t\t\t\t\t\t\t\t\t<a class=\"elementor-button elementor-button-link elementor-size-sm\" href=\"https:\/\/ahm.ghost.uem.mz\/seminario\/\">\n\t\t\t\t\t\t<span class=\"elementor-button-content-wrapper\">\n\t\t\t\t\t\t\t\t\t<span class=\"elementor-button-text\">Continuar<\/span>\n\t\t\t\t\t<\/span>\n\t\t\t\t\t<\/a>\n\t\t\t\t\t\t\t\t<\/div>\n\t\t\t\t<\/div>\n\t\t\t\t\t<\/div>\n\t\t\t\t<\/div>\n\t\t<div class=\"elementor-element elementor-element-2d3edc7 e-flex e-con-boxed e-con e-parent\" data-id=\"2d3edc7\" data-element_type=\"container\" data-e-type=\"container\">\n\t\t\t\t\t<div class=\"e-con-inner\">\n\t\t<div class=\"elementor-element elementor-element-54dc1fa e-con-full e-flex e-con e-child\" data-id=\"54dc1fa\" data-element_type=\"container\" data-e-type=\"container\">\n\t\t\t\t<\/div>\n\t\t<div class=\"elementor-element elementor-element-1ade14c e-con-full e-flex e-con e-child\" data-id=\"1ade14c\" data-element_type=\"container\" data-e-type=\"container\">\n\t\t\t\t<\/div>\n\t\t\t\t\t<\/div>\n\t\t\t\t<\/div>\n\t\t<div class=\"elementor-element elementor-element-8b07f92 e-flex e-con-boxed e-con e-parent\" data-id=\"8b07f92\" data-element_type=\"container\" data-e-type=\"container\">\n\t\t\t\t\t<div class=\"e-con-inner\">\n\t\t\t\t<div class=\"elementor-element elementor-element-aaaa364 elementor-widget elementor-widget-heading\" data-id=\"aaaa364\" data-element_type=\"widget\" data-e-type=\"widget\" data-widget_type=\"heading.default\">\n\t\t\t\t\t<h4 class=\"elementor-heading-title elementor-size-default\"><a href=\"https:\/\/ahm.ghost.uem.mz\/malawi-acolhe-a-xxiv-conferencia-da-esarbica\/\">\nMALAWI ACOLHE A XXIV CONFER\u00caNCIA DA ESARBICA<\/a><\/h4>\t\t\t\t<\/div>\n\t\t\t\t\t<\/div>\n\t\t\t\t<\/div>\n\t\t<div class=\"elementor-element elementor-element-a630c06 e-flex e-con-boxed e-con e-parent\" data-id=\"a630c06\" data-element_type=\"container\" data-e-type=\"container\">\n\t\t\t\t\t<div class=\"e-con-inner\">\n\t\t\t\t<div class=\"elementor-element elementor-element-78be5bc elementor-widget elementor-widget-heading\" data-id=\"78be5bc\" data-element_type=\"widget\" data-e-type=\"widget\" data-widget_type=\"heading.default\">\n\t\t\t\t\t<h4 class=\"elementor-heading-title elementor-size-default\"><a href=\"https:\/\/ahm.ghost.uem.mz\/relatorio-de-monitoria-das-actividades-do-laboratorio-de-conservacao-e-restauracao-da-nota-positiva-ao-ahm\/\">Relat\u00f3rio de monitoria das actividades do laborat\u00f3rio de conserva\u00e7\u00e3o e restaura\u00e7\u00e3o d\u00e1 nota positiva ao AHM<\/a><\/h4>\t\t\t\t<\/div>\n\t\t\t\t\t<\/div>\n\t\t\t\t<\/div>\n\t\t<div class=\"elementor-element elementor-element-2c60362 e-flex e-con-boxed e-con e-parent\" data-id=\"2c60362\" data-element_type=\"container\" data-e-type=\"container\">\n\t\t\t\t\t<div class=\"e-con-inner\">\n\t\t\t\t<div class=\"elementor-element elementor-element-7ac83c2 elementor-widget elementor-widget-heading\" data-id=\"7ac83c2\" data-element_type=\"widget\" data-e-type=\"widget\" data-widget_type=\"heading.default\">\n\t\t\t\t\t<h4 class=\"elementor-heading-title elementor-size-default\"><a href=\"https:\/\/ahm.ghost.uem.mz\/arquivo-historico-de-mocambique-recebe-espolio-de-jose-tristao-de-bettencourt\/\">Arquivo Hist\u00f3rico de Mo\u00e7ambique recebe Esp\u00f3lio de Jos\u00e9 Trist\u00e3o de Bettencourt<\/a><\/h4>\t\t\t\t<\/div>\n\t\t\t\t\t<\/div>\n\t\t\t\t<\/div>\n\t\t<div class=\"elementor-element elementor-element-fca6f37 e-flex e-con-boxed e-con e-parent\" data-id=\"fca6f37\" data-element_type=\"container\" data-e-type=\"container\">\n\t\t\t\t\t<div class=\"e-con-inner\">\n\t\t\t\t<div class=\"elementor-element elementor-element-cc30f72 elementor-widget elementor-widget-heading\" data-id=\"cc30f72\" data-element_type=\"widget\" data-e-type=\"widget\" data-widget_type=\"heading.default\">\n\t\t\t\t\t<h4 class=\"elementor-heading-title elementor-size-default\"><a href=\"https:\/\/ahm.ghost.uem.mz\/mocambique-e-suecia-assinalam-cooperacao\/\">Mo\u00e7ambique e Su\u00e9cia assinalam Coopera\u00e7\u00e3o<\/a><\/h4>\t\t\t\t<\/div>\n\t\t\t\t\t<\/div>\n\t\t\t\t<\/div>\n\t\t\t\t<\/div>\n\t\t","protected":false},"excerpt":{"rendered":"<p>Not\u00edcias ESTUDANTES DO CIDOC VISITAM DEPARTAMENTO DE ARQUIVOS PERMANENTE Uma turma composta por 9 estudantes do primeiro ano de curso [&hellip;]<\/p>\n","protected":false},"author":1,"featured_media":0,"parent":0,"menu_order":0,"comment_status":"closed","ping_status":"closed","template":"","meta":{"site-sidebar-layout":"no-sidebar","site-content-layout":"","ast-site-content-layout":"full-width-container","site-content-style":"default","site-sidebar-style":"default","ast-global-header-display":"","ast-banner-title-visibility":"","ast-main-header-display":"","ast-hfb-above-header-display":"","ast-hfb-below-header-display":"","ast-hfb-mobile-header-display":"","site-post-title":"","ast-breadcrumbs-content":"","ast-featured-img":"disabled","footer-sml-layout":"","ast-disable-related-posts":"","theme-transparent-header-meta":"","adv-header-id-meta":"","stick-header-meta":"","header-above-stick-meta":"","header-main-stick-meta":"","header-below-stick-meta":"","astra-migrate-meta-layouts":"default","ast-page-background-enabled":"default","ast-page-background-meta":{"desktop":{"background-color":"var(--ast-global-color-5)","background-image":"","background-repeat":"repeat","background-position":"center center","background-size":"auto","background-attachment":"scroll","background-type":"","background-media":"","overlay-type":"","overlay-color":"","overlay-opacity":"","overlay-gradient":""},"tablet":{"background-color":"","background-image":"","background-repeat":"repeat","background-position":"center center","background-size":"auto","background-attachment":"scroll","background-type":"","background-media":"","overlay-type":"","overlay-color":"","overlay-opacity":"","overlay-gradient":""},"mobile":{"background-color":"","background-image":"","background-repeat":"repeat","background-position":"center center","background-size":"auto","background-attachment":"scroll","background-type":"","background-media":"","overlay-type":"","overlay-color":"","overlay-opacity":"","overlay-gradient":""}},"ast-content-background-meta":{"desktop":{"background-color":"var(--ast-global-color-4)","background-image":"","background-repeat":"repeat","background-position":"center center","background-size":"auto","background-attachment":"scroll","background-type":"","background-media":"","overlay-type":"","overlay-color":"","overlay-opacity":"","overlay-gradient":""},"tablet":{"background-color":"var(--ast-global-color-4)","background-image":"","background-repeat":"repeat","background-position":"center center","background-size":"auto","background-attachment":"scroll","background-type":"","background-media":"","overlay-type":"","overlay-color":"","overlay-opacity":"","overlay-gradient":""},"mobile":{"background-color":"var(--ast-global-color-4)","background-image":"","background-repeat":"repeat","background-position":"center center","background-size":"auto","background-attachment":"scroll","background-type":"","background-media":"","overlay-type":"","overlay-color":"","overlay-opacity":"","overlay-gradient":""}},"footnotes":""},"class_list":["post-149","page","type-page","status-publish","hentry"],"_links":{"self":[{"href":"https:\/\/ahm.uem.mz\/index.php?rest_route=\/wp\/v2\/pages\/149","targetHints":{"allow":["GET"]}}],"collection":[{"href":"https:\/\/ahm.uem.mz\/index.php?rest_route=\/wp\/v2\/pages"}],"about":[{"href":"https:\/\/ahm.uem.mz\/index.php?rest_route=\/wp\/v2\/types\/page"}],"author":[{"embeddable":true,"href":"https:\/\/ahm.uem.mz\/index.php?rest_route=\/wp\/v2\/users\/1"}],"replies":[{"embeddable":true,"href":"https:\/\/ahm.uem.mz\/index.php?rest_route=%2Fwp%2Fv2%2Fcomments&post=149"}],"version-history":[{"count":0,"href":"https:\/\/ahm.uem.mz\/index.php?rest_route=\/wp\/v2\/pages\/149\/revisions"}],"wp:attachment":[{"href":"https:\/\/ahm.uem.mz\/index.php?rest_route=%2Fwp%2Fv2%2Fmedia&parent=149"}],"curies":[{"name":"wp","href":"https:\/\/api.w.org\/{rel}","templated":true}]}}