{"id":81,"date":"2025-08-13T10:51:42","date_gmt":"2025-08-13T10:51:42","guid":{"rendered":"https:\/\/ahm.ghost.uem.mz\/?page_id=81"},"modified":"2025-08-13T10:51:42","modified_gmt":"2025-08-13T10:51:42","slug":"sobre-nos","status":"publish","type":"page","link":"https:\/\/ahm.uem.mz\/?page_id=81","title":{"rendered":"Sobre n\u00f3s"},"content":{"rendered":"\t\t<div data-elementor-type=\"wp-page\" data-elementor-id=\"81\" class=\"elementor elementor-81\">\n\t\t\t\t<div class=\"elementor-element elementor-element-47c0f66 e-flex e-con-boxed e-con e-parent\" data-id=\"47c0f66\" data-element_type=\"container\" data-e-type=\"container\">\n\t\t\t\t\t<div class=\"e-con-inner\">\n\t\t\t\t<div class=\"elementor-element elementor-element-3f7c739 elementor-widget elementor-widget-text-editor\" data-id=\"3f7c739\" data-element_type=\"widget\" data-e-type=\"widget\" data-widget_type=\"text-editor.default\">\n\t\t\t\t\t\t\t\t\t<p><strong>O<\/strong>\u00a0Arquivo Hist\u00f3rico de Mo\u00e7ambique foi criado pela Portaria 2267, de 27 de Junho de 1934, ligado \u00e0 biblioteca da Reparti\u00e7\u00e3o T\u00e9cnica de Estat\u00edstica com a miss\u00e3o de reunir alguns arquivos dispersos e organizar uma colec\u00e7\u00e3o bibliogr\u00e1fica sobre Mo\u00e7ambique. Em 1939 o Diploma Legislativo especifica mais as suas fun\u00e7\u00f5es tornado-se \u201cInstrumento da Cultura Hist\u00f3rica\u201d e \u201cArquivo do Governo da Col\u00f3nia. Em 1957, o ent\u00e3o Minist\u00e9rio do Ultramar e da Educa\u00e7\u00e3o Nacional, atrav\u00e9s do Decreto-Lei 41.472 determina a transfer\u00eancia de sua depend\u00eancia para os Servi\u00e7os de Instru\u00e7\u00e3o.<\/p><p>No ano seguinte, o Decreto 42.030 reafirma a sua import\u00e2ncia como Arquivo Geral e Dep\u00f3sito Legal da Prov\u00edncia. O Decreto-Lei 26\/76, de 17 de Julho de 1976, liga administrativamente o Arquivo Hist\u00f3rico de Mo\u00e7ambique \u00e0 Universidade Eduardo Mondlane.<\/p><p>Nos anos que se seguiram, sob a nova depend\u00eancia, esta institui\u00e7\u00e3o definiu como prioridade, criar as infra-estruturas indispens\u00e1veis e recolher, em todo o pa\u00eds e a todos os n\u00edveis, a documenta\u00e7\u00e3o colonial at\u00e9 \u00e0 data da independ\u00eancia nacional. O Diploma Legislativo 90\/71, de 21 de Agosto de 1971, tornou o Arquivo Hist\u00f3rico de Mo\u00e7ambique, benefici\u00e1rio de parte do Dep\u00f3sito Legal do pa\u00eds. Em 1992, o Decreto 33\/92, de 26 de Outubro, que institui o Sistema Nacional de Arquivos, designa o Arquivo Hist\u00f3rico de Mo\u00e7ambique, \u00f3rg\u00e3o central do mesmo.<\/p><p>Em 2007, e instituido o Sistema Nacional de Arquivos de Estado (SNAE), pelo decreto 36\/2007, de 27 de Agosto, o qual revoga o decreto 33\/92 do Sistema Nacional de Arquivos. No Ambito da nova legislacao, o Ministerio da Funcao Publica assume a funcao coordenadora.<\/p><p>Hoje, no \u00e2mbito das suas atribui\u00e7\u00f5es, o AHM tem a grande responsabilidade de apoio ao governo na defini\u00e7\u00e3o de pol\u00edticas de gest\u00e3o e preserva\u00e7\u00e3o de documentos, n\u00e3o s\u00f3 produzidos a n\u00edvel local, como tamb\u00e9m de outras fontes externas de interesse nacional. Neste \u00e2mbito, os actuais desafios s\u00e3o pela identidade do AHM como um verdadeiro Arquivo Nacional, cuja finalidade seja de exercer orienta\u00e7\u00e3o t\u00e9cnica e normativa de gestao arquivistica e preservacao da memoria Nacional. O AHM garante o acesso publico aos documentos de arquivo, o apoio ao governo na tomada\u00a0 de decis\u00f5es pol\u00edtico-administrativas e ao cidad\u00e3o na defesa dos seus direitos e privil\u00e9gios.<\/p><p><strong>Presta\u00e7\u00e3o de Servi\u00e7os<br \/><\/strong><strong><br \/>O AHM presta os seguintes servi\u00e7os:<br \/><\/strong>1. Investiga\u00e7\u00e3o hist\u00f3rica e arquiv\u00edstica;<br \/>2. Avalia\u00e7\u00e3o e selec\u00e7\u00e3o de documentos;<br \/>3. Forma\u00e7\u00e3o e assist\u00eancia t\u00e9cnica em arquivos e gest\u00e3o de documentos;<br \/>4. Digitaliza\u00e7\u00e3o e microfilmagem;<br \/>5. Atendimento ao P\u00fablico ;<br \/>6. Editora\u00e7\u00e3o e promo\u00e7\u00e3o de eventos t\u00e9cnico-cient\u00edficos;<br \/>7. Reprografia e emiss\u00e3o de certid\u00f5es de nascimento, casamentos e \u00f3bitos, com base nos livros de registos dos anos 1865 a 1934.<\/p><p><em><a href=\"https:\/\/web.archive.org\/web\/20200601155102\/http:\/\/www.ahm.uem.mz\/documents\/MozArc22Aug.doc\" target=\"_blank\" rel=\"noopener\">Arquivo Hist\u00f3rico de Mo\u00e7ambique: Problemas e Potenciais Solu\u00e7\u00f5es<\/a><\/em><\/p>\t\t\t\t\t\t\t\t<\/div>\n\t\t\t\t\t<\/div>\n\t\t\t\t<\/div>\n\t\t<div class=\"elementor-element elementor-element-5eef36c e-flex e-con-boxed e-con e-parent\" data-id=\"5eef36c\" data-element_type=\"container\" data-e-type=\"container\">\n\t\t\t\t\t<div class=\"e-con-inner\">\n\t\t<div class=\"elementor-element elementor-element-3e453be e-con-full e-flex e-con e-child\" data-id=\"3e453be\" data-element_type=\"container\" data-e-type=\"container\">\n\t\t\t\t<div class=\"elementor-element elementor-element-3a5ff59 elementor-widget elementor-widget-image\" data-id=\"3a5ff59\" data-element_type=\"widget\" data-e-type=\"widget\" data-widget_type=\"image.default\">\n\t\t\t\t\t\t\t\t\t\t\t\t\t\t\t<img decoding=\"async\" src=\"http:\/\/ahm.ghost.uem.mz\/wp-content\/uploads\/sites\/38\/2025\/08\/livrariaa.png\" title=\"\" alt=\"\" loading=\"lazy\" \/>\t\t\t\t\t\t\t\t\t\t\t\t\t\t\t<\/div>\n\t\t\t\t<\/div>\n\t\t<div class=\"elementor-element elementor-element-1cf322f e-con-full e-flex e-con e-child\" data-id=\"1cf322f\" data-element_type=\"container\" data-e-type=\"container\">\n\t\t\t\t<div class=\"elementor-element elementor-element-4e7c247 elementor-widget elementor-widget-image\" data-id=\"4e7c247\" data-element_type=\"widget\" data-e-type=\"widget\" data-widget_type=\"image.default\">\n\t\t\t\t\t\t\t\t\t\t\t\t\t\t\t<img fetchpriority=\"high\" decoding=\"async\" width=\"489\" height=\"310\" src=\"https:\/\/ahm.uem.mz\/wp-content\/uploads\/2025\/08\/localizacao.jpg\" class=\"attachment-large size-large wp-image-235\" alt=\"\" srcset=\"https:\/\/ahm.uem.mz\/wp-content\/uploads\/2025\/08\/localizacao.jpg 489w, https:\/\/ahm.uem.mz\/wp-content\/uploads\/2025\/08\/localizacao-300x190.jpg 300w\" sizes=\"(max-width: 489px) 100vw, 489px\" \/>\t\t\t\t\t\t\t\t\t\t\t\t\t\t\t<\/div>\n\t\t\t\t<\/div>\n\t\t<div class=\"elementor-element elementor-element-5b9b60f e-con-full e-flex e-con e-child\" data-id=\"5b9b60f\" data-element_type=\"container\" data-e-type=\"container\">\n\t\t\t\t<div class=\"elementor-element elementor-element-ab15d0f elementor-widget elementor-widget-image\" data-id=\"ab15d0f\" data-element_type=\"widget\" data-e-type=\"widget\" data-widget_type=\"image.default\">\n\t\t\t\t\t\t\t\t\t\t\t\t\t\t\t<img decoding=\"async\" src=\"http:\/\/ahm.ghost.uem.mz\/wp-content\/uploads\/sites\/38\/2025\/08\/formacao.jpg\" title=\"\" alt=\"\" loading=\"lazy\" \/>\t\t\t\t\t\t\t\t\t\t\t\t\t\t\t<\/div>\n\t\t\t\t<\/div>\n\t\t<div class=\"elementor-element elementor-element-019f508 e-con-full e-flex e-con e-child\" data-id=\"019f508\" data-element_type=\"container\" data-e-type=\"container\">\n\t\t\t\t<div class=\"elementor-element elementor-element-b499650 elementor-widget elementor-widget-image\" data-id=\"b499650\" data-element_type=\"widget\" data-e-type=\"widget\" data-widget_type=\"image.default\">\n\t\t\t\t\t\t\t\t\t\t\t\t\t\t\t<img decoding=\"async\" width=\"489\" height=\"310\" src=\"https:\/\/ahm.uem.mz\/wp-content\/uploads\/2025\/08\/Biarquivo.jpg\" class=\"attachment-large size-large wp-image-234\" alt=\"\" srcset=\"https:\/\/ahm.uem.mz\/wp-content\/uploads\/2025\/08\/Biarquivo.jpg 489w, https:\/\/ahm.uem.mz\/wp-content\/uploads\/2025\/08\/Biarquivo-300x190.jpg 300w\" sizes=\"(max-width: 489px) 100vw, 489px\" \/>\t\t\t\t\t\t\t\t\t\t\t\t\t\t\t<\/div>\n\t\t\t\t<\/div>\n\t\t\t\t\t<\/div>\n\t\t\t\t<\/div>\n\t\t\t\t<\/div>\n\t\t","protected":false},"excerpt":{"rendered":"<p>O\u00a0Arquivo Hist\u00f3rico de Mo\u00e7ambique foi criado pela Portaria 2267, de 27 de Junho de 1934, ligado \u00e0 biblioteca da Reparti\u00e7\u00e3o [&hellip;]<\/p>\n","protected":false},"author":1,"featured_media":0,"parent":0,"menu_order":0,"comment_status":"closed","ping_status":"closed","template":"","meta":{"site-sidebar-layout":"no-sidebar","site-content-layout":"","ast-site-content-layout":"full-width-container","site-content-style":"default","site-sidebar-style":"default","ast-global-header-display":"","ast-banner-title-visibility":"","ast-main-header-display":"","ast-hfb-above-header-display":"","ast-hfb-below-header-display":"","ast-hfb-mobile-header-display":"","site-post-title":"","ast-breadcrumbs-content":"","ast-featured-img":"disabled","footer-sml-layout":"","ast-disable-related-posts":"","theme-transparent-header-meta":"","adv-header-id-meta":"","stick-header-meta":"","header-above-stick-meta":"","header-main-stick-meta":"","header-below-stick-meta":"","astra-migrate-meta-layouts":"default","ast-page-background-enabled":"default","ast-page-background-meta":{"desktop":{"background-color":"var(--ast-global-color-5)","background-image":"","background-repeat":"repeat","background-position":"center center","background-size":"auto","background-attachment":"scroll","background-type":"","background-media":"","overlay-type":"","overlay-color":"","overlay-opacity":"","overlay-gradient":""},"tablet":{"background-color":"","background-image":"","background-repeat":"repeat","background-position":"center center","background-size":"auto","background-attachment":"scroll","background-type":"","background-media":"","overlay-type":"","overlay-color":"","overlay-opacity":"","overlay-gradient":""},"mobile":{"background-color":"","background-image":"","background-repeat":"repeat","background-position":"center center","background-size":"auto","background-attachment":"scroll","background-type":"","background-media":"","overlay-type":"","overlay-color":"","overlay-opacity":"","overlay-gradient":""}},"ast-content-background-meta":{"desktop":{"background-color":"var(--ast-global-color-4)","background-image":"","background-repeat":"repeat","background-position":"center center","background-size":"auto","background-attachment":"scroll","background-type":"","background-media":"","overlay-type":"","overlay-color":"","overlay-opacity":"","overlay-gradient":""},"tablet":{"background-color":"var(--ast-global-color-4)","background-image":"","background-repeat":"repeat","background-position":"center center","background-size":"auto","background-attachment":"scroll","background-type":"","background-media":"","overlay-type":"","overlay-color":"","overlay-opacity":"","overlay-gradient":""},"mobile":{"background-color":"var(--ast-global-color-4)","background-image":"","background-repeat":"repeat","background-position":"center center","background-size":"auto","background-attachment":"scroll","background-type":"","background-media":"","overlay-type":"","overlay-color":"","overlay-opacity":"","overlay-gradient":""}},"footnotes":""},"class_list":["post-81","page","type-page","status-publish","hentry"],"_links":{"self":[{"href":"https:\/\/ahm.uem.mz\/index.php?rest_route=\/wp\/v2\/pages\/81","targetHints":{"allow":["GET"]}}],"collection":[{"href":"https:\/\/ahm.uem.mz\/index.php?rest_route=\/wp\/v2\/pages"}],"about":[{"href":"https:\/\/ahm.uem.mz\/index.php?rest_route=\/wp\/v2\/types\/page"}],"author":[{"embeddable":true,"href":"https:\/\/ahm.uem.mz\/index.php?rest_route=\/wp\/v2\/users\/1"}],"replies":[{"embeddable":true,"href":"https:\/\/ahm.uem.mz\/index.php?rest_route=%2Fwp%2Fv2%2Fcomments&post=81"}],"version-history":[{"count":0,"href":"https:\/\/ahm.uem.mz\/index.php?rest_route=\/wp\/v2\/pages\/81\/revisions"}],"wp:attachment":[{"href":"https:\/\/ahm.uem.mz\/index.php?rest_route=%2Fwp%2Fv2%2Fmedia&parent=81"}],"curies":[{"name":"wp","href":"https:\/\/api.w.org\/{rel}","templated":true}]}}