{"id":84,"date":"2025-08-13T10:51:42","date_gmt":"2025-08-13T10:51:42","guid":{"rendered":"https:\/\/ahm.ghost.uem.mz\/?page_id=84"},"modified":"2025-08-13T10:51:42","modified_gmt":"2025-08-13T10:51:42","slug":"estrutura-organica","status":"publish","type":"page","link":"https:\/\/ahm.uem.mz\/?page_id=84","title":{"rendered":"Estrutura Org\u00e2nica"},"content":{"rendered":"<h2>Estrutura org\u00e2nica do AHM<\/h2>\n<table border=\"2\">\n<tbody>\n<tr>\n<td colspan=\"3\"><strong>DIREC\u00c7\u00c3O<\/strong><\/td>\n<\/tr>\n<tr>\n<td><strong>CARGO<\/strong><\/td>\n<td><strong>NOME<\/strong><\/td>\n<td><strong>FOTO<\/strong><\/td>\n<\/tr>\n<tr>\n<td>Director<\/td>\n<td><strong>Doutor Renato Augusto Pereira\u00a0 \u00a0 \u00a0 \u00a0 \u00a0 \u00a0 \u00a0 \u00a0 \u00a0 \u00a0 \u00a0 \u00a0 \u00a0 \u00a0<\/strong><\/td>\n<td><img decoding=\"async\" class=\"\" src=\"https:\/\/web.archive.org\/web\/20200601155119im_\/http:\/\/www.ahm.uem.mz\/novo\/images\/fotografias\/Renato.jpg\" alt=\"Renato\" width=\"94\" height=\"122\" \/><\/td>\n<\/tr>\n<tr>\n<td>Director-Adjunto para Arquivos e Investiga\u00e7\u00e3o<\/td>\n<td><\/td>\n<td><\/td>\n<\/tr>\n<tr>\n<td>Directora-Adjunta para Administrativa\u00e7\u00e3o e Finan\u00e7as<\/td>\n<td><strong>Mestre Juma Abibo Pacunete Mussa<\/strong><\/td>\n<td><\/td>\n<\/tr>\n<\/tbody>\n<\/table>\n<p><strong>Departamentos<\/strong><strong><br \/>\n<\/strong>2.1 Departamento de Arquivos Permanentes<br \/>\n2.2 Departamento de Gest\u00e3o de Documentos<br \/>\n2.3 Departamento de Investiga\u00e7\u00e3o e Extens\u00e3o<br \/>\n2.4 Departamento de Arquivos e Colec\u00e7\u00f5es Especiais<br \/>\n2.5 Departamento de tecnologia de Informa\u00e7\u00e3o e Transfer\u00eancia de Suportes<br \/>\n2.6 Departamento de Administra\u00e7\u00e3o e Finan\u00e7as<br \/>\n2.7 Departamento do Arquivo Central da UEM<\/p>\n<p><a href=\"https:\/\/web.archive.org\/web\/20200601155119\/http:\/\/localhost\/historico\/media\/documents\/regulamento%20AHM%20GJ%20final.pdf\" target=\"_blank\" rel=\"noopener\"><br \/>\n<\/a><a href=\"https:\/\/web.archive.org\/web\/20200601155119\/http:\/\/www.ahm.uem.mz\/documents\/regulamento%20AHM%20GJ%20final.pdf\"><br \/>\n<\/a><a href=\"https:\/\/web.archive.org\/web\/20200601155119\/http:\/\/www.ahm.uem.mz\/documents\/regulamento_AHM_GJ_final.pdf\">REGULAMENTO DO AHM<\/a><\/p>\n","protected":false},"excerpt":{"rendered":"<p>Estrutura org\u00e2nica do AHM DIREC\u00c7\u00c3O CARGO NOME FOTO Director Doutor Renato Augusto Pereira\u00a0 \u00a0 \u00a0 \u00a0 \u00a0 \u00a0 \u00a0 \u00a0 [&hellip;]<\/p>\n","protected":false},"author":1,"featured_media":0,"parent":0,"menu_order":0,"comment_status":"closed","ping_status":"closed","template":"","meta":{"site-sidebar-layout":"no-sidebar","site-content-layout":"","ast-site-content-layout":"full-width-container","site-content-style":"default","site-sidebar-style":"default","ast-global-header-display":"","ast-banner-title-visibility":"","ast-main-header-display":"","ast-hfb-above-header-display":"","ast-hfb-below-header-display":"","ast-hfb-mobile-header-display":"","site-post-title":"","ast-breadcrumbs-content":"","ast-featured-img":"disabled","footer-sml-layout":"","ast-disable-related-posts":"","theme-transparent-header-meta":"default","adv-header-id-meta":"","stick-header-meta":"","header-above-stick-meta":"","header-main-stick-meta":"","header-below-stick-meta":"","astra-migrate-meta-layouts":"set","ast-page-background-enabled":"default","ast-page-background-meta":{"desktop":{"background-color":"var(--ast-global-color-5)","background-image":"","background-repeat":"repeat","background-position":"center center","background-size":"auto","background-attachment":"scroll","background-type":"","background-media":"","overlay-type":"","overlay-color":"","overlay-opacity":"","overlay-gradient":""},"tablet":{"background-color":"","background-image":"","background-repeat":"repeat","background-position":"center center","background-size":"auto","background-attachment":"scroll","background-type":"","background-media":"","overlay-type":"","overlay-color":"","overlay-opacity":"","overlay-gradient":""},"mobile":{"background-color":"","background-image":"","background-repeat":"repeat","background-position":"center center","background-size":"auto","background-attachment":"scroll","background-type":"","background-media":"","overlay-type":"","overlay-color":"","overlay-opacity":"","overlay-gradient":""}},"ast-content-background-meta":{"desktop":{"background-color":"var(--ast-global-color-4)","background-image":"","background-repeat":"repeat","background-position":"center center","background-size":"auto","background-attachment":"scroll","background-type":"","background-media":"","overlay-type":"","overlay-color":"","overlay-opacity":"","overlay-gradient":""},"tablet":{"background-color":"var(--ast-global-color-4)","background-image":"","background-repeat":"repeat","background-position":"center center","background-size":"auto","background-attachment":"scroll","background-type":"","background-media":"","overlay-type":"","overlay-color":"","overlay-opacity":"","overlay-gradient":""},"mobile":{"background-color":"var(--ast-global-color-4)","background-image":"","background-repeat":"repeat","background-position":"center center","background-size":"auto","background-attachment":"scroll","background-type":"","background-media":"","overlay-type":"","overlay-color":"","overlay-opacity":"","overlay-gradient":""}},"footnotes":""},"class_list":["post-84","page","type-page","status-publish","hentry"],"_links":{"self":[{"href":"https:\/\/ahm.uem.mz\/index.php?rest_route=\/wp\/v2\/pages\/84","targetHints":{"allow":["GET"]}}],"collection":[{"href":"https:\/\/ahm.uem.mz\/index.php?rest_route=\/wp\/v2\/pages"}],"about":[{"href":"https:\/\/ahm.uem.mz\/index.php?rest_route=\/wp\/v2\/types\/page"}],"author":[{"embeddable":true,"href":"https:\/\/ahm.uem.mz\/index.php?rest_route=\/wp\/v2\/users\/1"}],"replies":[{"embeddable":true,"href":"https:\/\/ahm.uem.mz\/index.php?rest_route=%2Fwp%2Fv2%2Fcomments&post=84"}],"version-history":[{"count":0,"href":"https:\/\/ahm.uem.mz\/index.php?rest_route=\/wp\/v2\/pages\/84\/revisions"}],"wp:attachment":[{"href":"https:\/\/ahm.uem.mz\/index.php?rest_route=%2Fwp%2Fv2%2Fmedia&parent=84"}],"curies":[{"name":"wp","href":"https:\/\/api.w.org\/{rel}","templated":true}]}}