{"id":86,"date":"2025-08-13T10:51:42","date_gmt":"2025-08-13T10:51:42","guid":{"rendered":"https:\/\/ahm.ghost.uem.mz\/?page_id=86"},"modified":"2025-08-13T10:51:42","modified_gmt":"2025-08-13T10:51:42","slug":"objectivos","status":"publish","type":"page","link":"https:\/\/ahm.uem.mz\/?page_id=86","title":{"rendered":"Objectivos"},"content":{"rendered":"\t\t<div data-elementor-type=\"wp-page\" data-elementor-id=\"86\" class=\"elementor elementor-86\">\n\t\t\t\t<div class=\"elementor-element elementor-element-978bc06 e-flex e-con-boxed e-con e-parent\" data-id=\"978bc06\" data-element_type=\"container\" data-e-type=\"container\">\n\t\t\t\t\t<div class=\"e-con-inner\">\n\t\t\t\t<div class=\"elementor-element elementor-element-80f5a2d elementor-widget elementor-widget-heading\" data-id=\"80f5a2d\" data-element_type=\"widget\" data-e-type=\"widget\" data-widget_type=\"heading.default\">\n\t\t\t\t\t<h2 class=\"elementor-heading-title elementor-size-default\">Objectivos<\/h2>\t\t\t\t<\/div>\n\t\t\t\t<div class=\"elementor-element elementor-element-f8903fd elementor-widget-divider--view-line elementor-widget elementor-widget-divider\" data-id=\"f8903fd\" data-element_type=\"widget\" data-e-type=\"widget\" data-widget_type=\"divider.default\">\n\t\t\t\t\t\t\t<div class=\"elementor-divider\">\n\t\t\t<span class=\"elementor-divider-separator\">\n\t\t\t\t\t\t<\/span>\n\t\t<\/div>\n\t\t\t\t\t\t<\/div>\n\t\t\t\t<div class=\"elementor-element elementor-element-c92e5f6 elementor-widget elementor-widget-text-editor\" data-id=\"c92e5f6\" data-element_type=\"widget\" data-e-type=\"widget\" data-widget_type=\"text-editor.default\">\n\t\t\t\t\t\t\t\t\t<p><strong>1. <\/strong>S\u00e3o objectivos gerais do AHM a gest\u00e3o e a preserva\u00e7\u00e3o de documentos de arquivo,\u00a0 a investiga\u00e7\u00e3o e a divulga\u00e7\u00e3o da sua informa\u00e7\u00e3o, e a colabora\u00e7\u00e3o na implementa\u00e7\u00e3o da legisla\u00e7\u00e3o pertinente sobre Arquivos.<\/p><p><strong>2.\u00a0\u00a0 \u00a0Na realiza\u00e7\u00e3o desses objectivos, o AHM prossegue, nomeadamente, os seguintes fins:<\/strong><\/p><p>a)\u00a0\u00a0 \u00a0 Garantir a cust\u00f3dia, com car\u00e1cter permanente dos documentos recolhidos dos arquivos centrais p\u00fablicos e arquivos privados de interesse p\u00fablico;<\/p><p>b)\u00a0\u00a0 \u00a0Participar na defini\u00e7\u00e3o e divulga\u00e7\u00e3o da pol\u00edtica do Governo sobre o Sistema Nacional de Arquivos do Estado;<\/p><p>c)\u00a0\u00a0 \u00a0Participar na avalia\u00e7\u00e3o de documentos do Governo e \u00f3rg\u00e3os afins no \u00e2mbito do SNAE;<\/p><p>d)\u00a0\u00a0 \u00a0Assessorar o Minist\u00e9rio respons\u00e1vel pelo SNAE sobre os projectos legislativos que digam directamente respeito \u00e0 Pol\u00edtica Nacional de Arquivos;<\/p><p>e)\u00a0\u00a0 \u00a0Promover e incentivar, com base no seu acervo, a investiga\u00e7\u00e3o cient\u00edfica, em particular a hist\u00f3rica e divulgar os seus resultados;<\/p><p>f)\u00a0\u00a0 \u00a0 Estabelecer rela\u00e7\u00f5es de interc\u00e2mbio hist\u00f3rico cultural, cient\u00edfico e t\u00e9cnico com as institui\u00e7\u00f5es\u00a0 nacionais e estrangeiras;<\/p><p>g)\u00a0\u00a0 \u00a0Promover ac\u00e7\u00f5es de forma\u00e7\u00e3o de recursos humanos em mat\u00e9ria de arquivos e outras \u00e1reas afins;<\/p><p>h)\u00a0\u00a0 \u00a0Participar no \u00e2mbito das suas actividades, na gest\u00e3o integrada dos documentos da UEM.<\/p>\t\t\t\t\t\t\t\t<\/div>\n\t\t\t\t\t<\/div>\n\t\t\t\t<\/div>\n\t\t\t\t<\/div>\n\t\t","protected":false},"excerpt":{"rendered":"<p>Objectivos 1. S\u00e3o objectivos gerais do AHM a gest\u00e3o e a preserva\u00e7\u00e3o de documentos de arquivo,\u00a0 a investiga\u00e7\u00e3o e a [&hellip;]<\/p>\n","protected":false},"author":1,"featured_media":0,"parent":0,"menu_order":0,"comment_status":"closed","ping_status":"closed","template":"","meta":{"site-sidebar-layout":"no-sidebar","site-content-layout":"","ast-site-content-layout":"full-width-container","site-content-style":"default","site-sidebar-style":"default","ast-global-header-display":"","ast-banner-title-visibility":"","ast-main-header-display":"","ast-hfb-above-header-display":"","ast-hfb-below-header-display":"","ast-hfb-mobile-header-display":"","site-post-title":"","ast-breadcrumbs-content":"","ast-featured-img":"disabled","footer-sml-layout":"","ast-disable-related-posts":"","theme-transparent-header-meta":"","adv-header-id-meta":"","stick-header-meta":"","header-above-stick-meta":"","header-main-stick-meta":"","header-below-stick-meta":"","astra-migrate-meta-layouts":"default","ast-page-background-enabled":"default","ast-page-background-meta":{"desktop":{"background-color":"var(--ast-global-color-5)","background-image":"","background-repeat":"repeat","background-position":"center center","background-size":"auto","background-attachment":"scroll","background-type":"","background-media":"","overlay-type":"","overlay-color":"","overlay-opacity":"","overlay-gradient":""},"tablet":{"background-color":"","background-image":"","background-repeat":"repeat","background-position":"center center","background-size":"auto","background-attachment":"scroll","background-type":"","background-media":"","overlay-type":"","overlay-color":"","overlay-opacity":"","overlay-gradient":""},"mobile":{"background-color":"","background-image":"","background-repeat":"repeat","background-position":"center center","background-size":"auto","background-attachment":"scroll","background-type":"","background-media":"","overlay-type":"","overlay-color":"","overlay-opacity":"","overlay-gradient":""}},"ast-content-background-meta":{"desktop":{"background-color":"var(--ast-global-color-4)","background-image":"","background-repeat":"repeat","background-position":"center center","background-size":"auto","background-attachment":"scroll","background-type":"","background-media":"","overlay-type":"","overlay-color":"","overlay-opacity":"","overlay-gradient":""},"tablet":{"background-color":"var(--ast-global-color-4)","background-image":"","background-repeat":"repeat","background-position":"center center","background-size":"auto","background-attachment":"scroll","background-type":"","background-media":"","overlay-type":"","overlay-color":"","overlay-opacity":"","overlay-gradient":""},"mobile":{"background-color":"var(--ast-global-color-4)","background-image":"","background-repeat":"repeat","background-position":"center center","background-size":"auto","background-attachment":"scroll","background-type":"","background-media":"","overlay-type":"","overlay-color":"","overlay-opacity":"","overlay-gradient":""}},"footnotes":""},"class_list":["post-86","page","type-page","status-publish","hentry"],"_links":{"self":[{"href":"https:\/\/ahm.uem.mz\/index.php?rest_route=\/wp\/v2\/pages\/86","targetHints":{"allow":["GET"]}}],"collection":[{"href":"https:\/\/ahm.uem.mz\/index.php?rest_route=\/wp\/v2\/pages"}],"about":[{"href":"https:\/\/ahm.uem.mz\/index.php?rest_route=\/wp\/v2\/types\/page"}],"author":[{"embeddable":true,"href":"https:\/\/ahm.uem.mz\/index.php?rest_route=\/wp\/v2\/users\/1"}],"replies":[{"embeddable":true,"href":"https:\/\/ahm.uem.mz\/index.php?rest_route=%2Fwp%2Fv2%2Fcomments&post=86"}],"version-history":[{"count":0,"href":"https:\/\/ahm.uem.mz\/index.php?rest_route=\/wp\/v2\/pages\/86\/revisions"}],"wp:attachment":[{"href":"https:\/\/ahm.uem.mz\/index.php?rest_route=%2Fwp%2Fv2%2Fmedia&parent=86"}],"curies":[{"name":"wp","href":"https:\/\/api.w.org\/{rel}","templated":true}]}}