{"id":87,"date":"2025-08-13T10:51:42","date_gmt":"2025-08-13T10:51:42","guid":{"rendered":"https:\/\/ahm.ghost.uem.mz\/?page_id=87"},"modified":"2025-08-13T10:51:42","modified_gmt":"2025-08-13T10:51:42","slug":"atribuicoes","status":"publish","type":"page","link":"https:\/\/ahm.uem.mz\/?page_id=87","title":{"rendered":"Atribui\u00e7\u00f5es"},"content":{"rendered":"\t\t<div data-elementor-type=\"wp-page\" data-elementor-id=\"87\" class=\"elementor elementor-87\">\n\t\t\t\t<div class=\"elementor-element elementor-element-2182adf e-flex e-con-boxed e-con e-parent\" data-id=\"2182adf\" data-element_type=\"container\" data-e-type=\"container\">\n\t\t\t\t\t<div class=\"e-con-inner\">\n\t\t\t\t<div class=\"elementor-element elementor-element-30d09be elementor-widget elementor-widget-heading\" data-id=\"30d09be\" data-element_type=\"widget\" data-e-type=\"widget\" data-widget_type=\"heading.default\">\n\t\t\t\t\t<h2 class=\"elementor-heading-title elementor-size-default\">Atribui\u00e7\u00f5es<\/h2>\t\t\t\t<\/div>\n\t\t\t\t<div class=\"elementor-element elementor-element-b5b5154 elementor-widget-divider--view-line elementor-widget elementor-widget-divider\" data-id=\"b5b5154\" data-element_type=\"widget\" data-e-type=\"widget\" data-widget_type=\"divider.default\">\n\t\t\t\t\t\t\t<div class=\"elementor-divider\">\n\t\t\t<span class=\"elementor-divider-separator\">\n\t\t\t\t\t\t<\/span>\n\t\t<\/div>\n\t\t\t\t\t\t<\/div>\n\t\t\t\t<div class=\"elementor-element elementor-element-1d47f53 elementor-widget elementor-widget-text-editor\" data-id=\"1d47f53\" data-element_type=\"widget\" data-e-type=\"widget\" data-widget_type=\"text-editor.default\">\n\t\t\t\t\t\t\t\t\t<p><strong>Na prossecu\u00e7\u00e3o dos seus objectivos, o AHM tem as seguintes atribui\u00e7\u00f5es:<\/strong><\/p><p><strong>1.\u00a0\u00a0 \u00a0Na \u00e1rea de gest\u00e3o dos documentos de arquivo:<\/strong><\/p><p>a)\u00a0\u00a0 \u00a0Implementar as pol\u00edticas e a legisla\u00e7\u00e3o sobre a gest\u00e3o de documentos produzidos nos \u00d3rg\u00e3os Executivo, Legislativo e Judici\u00e1rio, com vista \u00e0 preserva\u00e7\u00e3o e ao acesso, condicionado \u00e0 restri\u00e7\u00f5es legais, das informa\u00e7\u00f5es dispon\u00edveis;<\/p><p>b)\u00a0\u00a0 \u00a0Recolher, processar tecnicamente e manter sob cust\u00f3dia a documenta\u00e7\u00e3o de valor permanente;<\/p><p>c)\u00a0\u00a0 \u00a0Participar no \u00e2mbito do SNAE na planifica\u00e7\u00e3o e na assessoria t\u00e9cnica das ac\u00e7\u00f5es\u00a0 e programas de gest\u00e3o de documentos nas institui\u00e7\u00f5es p\u00fablicas e privadas de interesse p\u00fablico, com vista \u00e0 melhoria de qualidade na presta\u00e7\u00e3o de servi\u00e7os p\u00fablicos e na tomada de decis\u00f5es pol\u00edtico-administrativas;<\/p><p>d)\u00a0\u00a0 \u00a0 Realizar as actividades de preserva\u00e7\u00e3o, restaura\u00e7\u00e3o, digitaliza\u00e7\u00e3o, microfilmagem, reprodu\u00e7\u00e3o fotogr\u00e1fica e encaderna\u00e7\u00e3o\u00a0 de documentos de arquivo;<\/p><p>e)\u00a0\u00a0 \u00a0 Definir normas de gest\u00e3o de documentos electr\u00f3nicos, respeitando os princ\u00edpios arquiv\u00edsticos fundamentais, internacionalmente consagrados;<\/p><p>f)\u00a0\u00a0 \u00a0 Estabelecer normas de acesso que visem prevenir a destrui\u00e7\u00e3o, prescri\u00e7\u00e3o e\u00a0 aliena\u00e7\u00e3o de documentos de institui\u00e7\u00f5es p\u00fablicas e privadas considerados de interesse p\u00fablico.<\/p><p>g)\u00a0\u00a0 \u00a0Realizar actividades de investiga\u00e7\u00e3o e extens\u00e3o nas \u00e1reas de especialidade<\/p><p><strong>2.\u00a0\u00a0 \u00a0 Na \u00e1rea da forma\u00e7\u00e3o:\u00a0\u00a0\u00a0\u00a0\u00a0<\/strong>\u00a0\u00a0\u00a0\u00a0\u00a0<\/p><p>a) Promover cursos destinados a arquivistas, documentalistas e outras \u00e1reas afins;<\/p><p><strong>3 .\u00a0\u00a0 \u00a0 Na \u00e1rea de investiga\u00e7\u00e3o e extens\u00e3o:<\/strong><\/p><p>a)\u00a0\u00a0 \u00a0Promover a pesquisa e divulga\u00e7\u00e3o em mat\u00e9ria de gest\u00e3o de documentos de arquivo, hist\u00f3ria e outras \u00e1reas de conhecimento afins;<br \/>b)\u00a0\u00a0 \u00a0Desenvolver programas de difus\u00e3o cultural e institucional, bem como as actividades de edi\u00e7\u00e3o e promo\u00e7\u00e3o de eventos t\u00e9cnico-cient\u00edficos;<\/p><p><strong>4. Na \u00e1rea da administra\u00e7\u00e3o:<\/strong><br \/>a)\u00a0\u00a0 \u00a0Planificar, organizar, coordenar e controlar os servi\u00e7os administrativos do AHM, contribuindo para a promo\u00e7\u00e3o da excel\u00eancia com o m\u00e1ximo de efic\u00e1cia e de racionalidade;<br \/>b)\u00a0\u00a0 \u00a0Garantir o cumprimento da lei, das normas e dos procedimentos que regulam o funcionamento de todos os servi\u00e7os administrativos;<br \/>c)\u00a0\u00a0 \u00a0Superintender a elabora\u00e7\u00e3o, an\u00e1lise, implementa\u00e7\u00e3o e melhoria das rotinas de trabalho apropriadas \u00e0 natureza dos servi\u00e7os administrativos;<\/p><p>d)\u00a0\u00a0 \u00a0Coordenar os sectores de servi\u00e7os administrativos, incluindo: Secretaria, Contabilidade, Finan\u00e7as, Transporte, Armaz\u00e9m, Manuten\u00e7\u00e3o, Reprografia, Patrim\u00f3nio, Limpeza e Seguran\u00e7a;<br \/>e)\u00a0\u00a0 \u00a0Elaborar o plano e or\u00e7amento anuais do AHM.<\/p>\t\t\t\t\t\t\t\t<\/div>\n\t\t\t\t\t<\/div>\n\t\t\t\t<\/div>\n\t\t\t\t<\/div>\n\t\t","protected":false},"excerpt":{"rendered":"<p>Atribui\u00e7\u00f5es Na prossecu\u00e7\u00e3o dos seus objectivos, o AHM tem as seguintes atribui\u00e7\u00f5es: 1.\u00a0\u00a0 \u00a0Na \u00e1rea de gest\u00e3o dos documentos de [&hellip;]<\/p>\n","protected":false},"author":1,"featured_media":0,"parent":0,"menu_order":0,"comment_status":"closed","ping_status":"closed","template":"","meta":{"site-sidebar-layout":"no-sidebar","site-content-layout":"","ast-site-content-layout":"full-width-container","site-content-style":"default","site-sidebar-style":"default","ast-global-header-display":"","ast-banner-title-visibility":"","ast-main-header-display":"","ast-hfb-above-header-display":"","ast-hfb-below-header-display":"","ast-hfb-mobile-header-display":"","site-post-title":"","ast-breadcrumbs-content":"","ast-featured-img":"disabled","footer-sml-layout":"","ast-disable-related-posts":"","theme-transparent-header-meta":"","adv-header-id-meta":"","stick-header-meta":"","header-above-stick-meta":"","header-main-stick-meta":"","header-below-stick-meta":"","astra-migrate-meta-layouts":"default","ast-page-background-enabled":"default","ast-page-background-meta":{"desktop":{"background-color":"var(--ast-global-color-5)","background-image":"","background-repeat":"repeat","background-position":"center center","background-size":"auto","background-attachment":"scroll","background-type":"","background-media":"","overlay-type":"","overlay-color":"","overlay-opacity":"","overlay-gradient":""},"tablet":{"background-color":"","background-image":"","background-repeat":"repeat","background-position":"center center","background-size":"auto","background-attachment":"scroll","background-type":"","background-media":"","overlay-type":"","overlay-color":"","overlay-opacity":"","overlay-gradient":""},"mobile":{"background-color":"","background-image":"","background-repeat":"repeat","background-position":"center center","background-size":"auto","background-attachment":"scroll","background-type":"","background-media":"","overlay-type":"","overlay-color":"","overlay-opacity":"","overlay-gradient":""}},"ast-content-background-meta":{"desktop":{"background-color":"var(--ast-global-color-4)","background-image":"","background-repeat":"repeat","background-position":"center center","background-size":"auto","background-attachment":"scroll","background-type":"","background-media":"","overlay-type":"","overlay-color":"","overlay-opacity":"","overlay-gradient":""},"tablet":{"background-color":"var(--ast-global-color-4)","background-image":"","background-repeat":"repeat","background-position":"center center","background-size":"auto","background-attachment":"scroll","background-type":"","background-media":"","overlay-type":"","overlay-color":"","overlay-opacity":"","overlay-gradient":""},"mobile":{"background-color":"var(--ast-global-color-4)","background-image":"","background-repeat":"repeat","background-position":"center center","background-size":"auto","background-attachment":"scroll","background-type":"","background-media":"","overlay-type":"","overlay-color":"","overlay-opacity":"","overlay-gradient":""}},"footnotes":""},"class_list":["post-87","page","type-page","status-publish","hentry"],"_links":{"self":[{"href":"https:\/\/ahm.uem.mz\/index.php?rest_route=\/wp\/v2\/pages\/87","targetHints":{"allow":["GET"]}}],"collection":[{"href":"https:\/\/ahm.uem.mz\/index.php?rest_route=\/wp\/v2\/pages"}],"about":[{"href":"https:\/\/ahm.uem.mz\/index.php?rest_route=\/wp\/v2\/types\/page"}],"author":[{"embeddable":true,"href":"https:\/\/ahm.uem.mz\/index.php?rest_route=\/wp\/v2\/users\/1"}],"replies":[{"embeddable":true,"href":"https:\/\/ahm.uem.mz\/index.php?rest_route=%2Fwp%2Fv2%2Fcomments&post=87"}],"version-history":[{"count":0,"href":"https:\/\/ahm.uem.mz\/index.php?rest_route=\/wp\/v2\/pages\/87\/revisions"}],"wp:attachment":[{"href":"https:\/\/ahm.uem.mz\/index.php?rest_route=%2Fwp%2Fv2%2Fmedia&parent=87"}],"curies":[{"name":"wp","href":"https:\/\/api.w.org\/{rel}","templated":true}]}}